{"id":1199,"date":"2025-10-16T16:10:01","date_gmt":"2025-10-16T16:10:01","guid":{"rendered":"https:\/\/digitalsystem.com.mx\/?page_id=1199"},"modified":"2025-10-16T16:10:24","modified_gmt":"2025-10-16T16:10:24","slug":"elementor-1199","status":"publish","type":"page","link":"https:\/\/digitalsystem.com.mx\/index.php\/elementor-1199\/","title":{"rendered":"Elementor #1199"},"content":{"rendered":"\t\t<div data-elementor-type=\"wp-page\" data-elementor-id=\"1199\" class=\"elementor elementor-1199\">\n\t\t\t\t<div class=\"elementor-element elementor-element-5984bbe e-flex e-con-boxed e-con e-parent\" data-id=\"5984bbe\" data-element_type=\"container\">\n\t\t\t\t\t<div class=\"e-con-inner\">\n\t\t\t\t<div class=\"elementor-element elementor-element-3c7c3d9 elementor-widget elementor-widget-wpforms\" data-id=\"3c7c3d9\" data-element_type=\"widget\" data-widget_type=\"wpforms.default\">\n\t\t\t\t<div class=\"elementor-widget-container\">\n\t\t\t\t\t<div class=\"wpforms-container wpforms-container-full wpforms-render-modern\" id=\"wpforms-1183\"><form id=\"wpforms-form-1183\" class=\"wpforms-validate wpforms-form wpforms-ajax-form\" data-formid=\"1183\" method=\"post\" enctype=\"multipart\/form-data\" action=\"\/index.php\/wp-json\/wp\/v2\/pages\/1199\" data-token=\"c5b4faff273eb9996a8356d2d0730eb5\" data-token-time=\"1776600706\"><noscript class=\"wpforms-error-noscript\">Por favor, activa JavaScript en tu navegador para completar este formulario.<\/noscript><div id=\"wpforms-error-noscript\" style=\"display: none;\">Por favor, activa JavaScript en tu navegador para completar este formulario.<\/div><div class=\"wpforms-field-container\"><div id=\"wpforms-1183-field_1-container\" class=\"wpforms-field wpforms-field-name\" data-field-id=\"1\"><fieldset><legend class=\"wpforms-field-label\">Nombre <span class=\"wpforms-required-label\" aria-hidden=\"true\">*<\/span><\/legend><div class=\"wpforms-field-row wpforms-field-medium\"><div class=\"wpforms-field-row-block wpforms-first wpforms-one-half\"><input type=\"text\" id=\"wpforms-1183-field_1\" class=\"wpforms-field-name-first wpforms-field-required\" name=\"wpforms[fields][1][first]\" aria-errormessage=\"wpforms-1183-field_1-error\" required><label for=\"wpforms-1183-field_1\" class=\"wpforms-field-sublabel after\">Nombre<\/label><\/div><div class=\"wpforms-field-row-block wpforms-one-half\"><input type=\"text\" id=\"wpforms-1183-field_1-last\" class=\"wpforms-field-name-last wpforms-field-required\" name=\"wpforms[fields][1][last]\" aria-errormessage=\"wpforms-1183-field_1-last-error\" required><label for=\"wpforms-1183-field_1-last\" class=\"wpforms-field-sublabel after\">Apellidos<\/label><\/div><\/div><\/fieldset><\/div><div id=\"wpforms-1183-field_2-container\" class=\"wpforms-field wpforms-field-email\" data-field-id=\"2\"><label class=\"wpforms-field-label\" for=\"wpforms-1183-field_2\">Correo electr\u00f3nico <span class=\"wpforms-required-label\" aria-hidden=\"true\">*<\/span><\/label><input type=\"email\" id=\"wpforms-1183-field_2\" class=\"wpforms-field-medium wpforms-field-required\" name=\"wpforms[fields][2]\" spellcheck=\"false\" aria-errormessage=\"wpforms-1183-field_2-error\" required><\/div>\t\t<div id=\"wpforms-1183-field_4-container\"\n\t\t\tclass=\"wpforms-field wpforms-field-text\"\n\t\t\tdata-field-type=\"text\"\n\t\t\tdata-field-id=\"4\"\n\t\t\t>\n\t\t\t<label class=\"wpforms-field-label\" for=\"wpforms-1183-field_4\" >Correo o Nombre<\/label>\n\t\t\t<input type=\"text\" id=\"wpforms-1183-field_4\" class=\"wpforms-field-medium\" name=\"wpforms[fields][4]\" >\n\t\t<\/div>\n\t\t<div id=\"wpforms-1183-field_3-container\" class=\"wpforms-field wpforms-field-textarea\" data-field-id=\"3\"><label class=\"wpforms-field-label\" for=\"wpforms-1183-field_3\">Comentario o mensaje<\/label><textarea id=\"wpforms-1183-field_3\" class=\"wpforms-field-medium\" name=\"wpforms[fields][3]\" aria-errormessage=\"wpforms-1183-field_3-error\" ><\/textarea><\/div><script>\n\t\t\t\t( function() {\n\t\t\t\t\tconst style = document.createElement( 'style' );\n\t\t\t\t\tstyle.appendChild( document.createTextNode( '#wpforms-1183-field_4-container { position: absolute !important; overflow: hidden !important; display: inline !important; height: 1px !important; width: 1px !important; z-index: -1000 !important; padding: 0 !important; } #wpforms-1183-field_4-container input { visibility: hidden; } #wpforms-conversational-form-page #wpforms-1183-field_4-container label { counter-increment: none; }' ) );\n\t\t\t\t\tdocument.head.appendChild( style );\n\t\t\t\t\tdocument.currentScript?.remove();\n\t\t\t\t} )();\n\t\t\t<\/script><\/div><!-- .wpforms-field-container --><div class=\"wpforms-submit-container\" ><input type=\"hidden\" name=\"wpforms[id]\" value=\"1183\"><input type=\"hidden\" name=\"page_title\" value=\"\"><input type=\"hidden\" name=\"page_url\" value=\"https:\/\/digitalsystem.com.mx\/index.php\/wp-json\/wp\/v2\/pages\/1199\"><input type=\"hidden\" name=\"url_referer\" value=\"\"><button type=\"submit\" name=\"wpforms[submit]\" id=\"wpforms-submit-1183\" class=\"wpforms-submit\" data-alt-text=\"Enviando...\" data-submit-text=\"Enviar\" aria-live=\"assertive\" value=\"wpforms-submit\">Enviar<\/button><img decoding=\"async\" src=\"https:\/\/digitalsystem.com.mx\/wp-content\/plugins\/wpforms-lite\/assets\/images\/submit-spin.svg\" class=\"wpforms-submit-spinner\" style=\"display: none;\" width=\"26\" height=\"26\" alt=\"Cargando\"><\/div><\/form><\/div>  <!-- .wpforms-container -->\t\t\t\t<\/div>\n\t\t\t\t<\/div>\n\t\t\t\t\t<\/div>\n\t\t\t\t<\/div>\n\t\t\t\t<\/div>\n\t\t","protected":false},"excerpt":{"rendered":"<p>Por favor, activa JavaScript en tu navegador para completar este formulario.Por favor, activa JavaScript en tu navegador para completar este formulario. Nombre * NombreApellidos Correo electr\u00f3nico *Comentario o mensaje Enviar<\/p>\n","protected":false},"author":1,"featured_media":0,"parent":0,"menu_order":0,"comment_status":"closed","ping_status":"closed","template":"elementor_canvas","meta":{"_joinchat":[],"footnotes":""},"class_list":["post-1199","page","type-page","status-publish","hentry"],"yoast_head":"<!-- This site is optimized with the Yoast SEO plugin v26.0 - https:\/\/yoast.com\/wordpress\/plugins\/seo\/ -->\n<title>Elementor #1199 Soluciones Digitales en Tecnolog\u00eda y Automatizaci\u00f3n | Digital System<\/title>\n<meta name=\"description\" content=\"Elementor #1199 En Digital System ofrecemos soluciones digitales en tecnolog\u00eda, automatizaci\u00f3n y soporte t\u00e9cnico especializado. Optimiza tu negocio con nosotros.\" \/>\n<meta name=\"robots\" content=\"index, follow, max-snippet:-1, max-image-preview:large, max-video-preview:-1\" \/>\n<link rel=\"canonical\" href=\"https:\/\/digitalsystem.com.mx\/index.php\/elementor-1199\/\" \/>\n<meta property=\"og:locale\" content=\"es_ES\" \/>\n<meta property=\"og:type\" content=\"article\" \/>\n<meta property=\"og:title\" content=\"Elementor #1199 Soluciones Digitales en Tecnolog\u00eda y Automatizaci\u00f3n | Digital System\" \/>\n<meta property=\"og:description\" content=\"Elementor #1199 En Digital System ofrecemos soluciones digitales en tecnolog\u00eda, automatizaci\u00f3n y soporte t\u00e9cnico especializado. Optimiza tu negocio con nosotros.\" \/>\n<meta property=\"og:url\" content=\"https:\/\/digitalsystem.com.mx\/index.php\/elementor-1199\/\" \/>\n<meta property=\"article:modified_time\" content=\"2025-10-16T16:10:24+00:00\" \/>\n<meta property=\"og:image\" content=\"https:\/\/digitalsystem.com.mx\/wp-content\/plugins\/wpforms-lite\/assets\/images\/submit-spin.svg\" \/>\n<meta name=\"twitter:card\" content=\"summary_large_image\" \/>\n<meta name=\"twitter:label1\" content=\"Tiempo de lectura\" \/>\n\t<meta name=\"twitter:data1\" content=\"1 minuto\" \/>\n<script type=\"application\/ld+json\" class=\"yoast-schema-graph\">{\"@context\":\"https:\/\/schema.org\",\"@graph\":[{\"@type\":\"WebPage\",\"@id\":\"https:\/\/digitalsystem.com.mx\/index.php\/elementor-1199\/\",\"url\":\"https:\/\/digitalsystem.com.mx\/index.php\/elementor-1199\/\",\"name\":\"Elementor #1199 Soluciones Digitales en Tecnolog\u00eda y Automatizaci\u00f3n | Digital System\",\"isPartOf\":{\"@id\":\"https:\/\/digitalsystem.com.mx\/#website\"},\"primaryImageOfPage\":{\"@id\":\"https:\/\/digitalsystem.com.mx\/index.php\/elementor-1199\/#primaryimage\"},\"image\":{\"@id\":\"https:\/\/digitalsystem.com.mx\/index.php\/elementor-1199\/#primaryimage\"},\"thumbnailUrl\":\"https:\/\/digitalsystem.com.mx\/wp-content\/plugins\/wpforms-lite\/assets\/images\/submit-spin.svg\",\"datePublished\":\"2025-10-16T16:10:01+00:00\",\"dateModified\":\"2025-10-16T16:10:24+00:00\",\"description\":\"Elementor #1199 En Digital System ofrecemos soluciones digitales en tecnolog\u00eda, automatizaci\u00f3n y soporte t\u00e9cnico especializado. Optimiza tu negocio con nosotros.\",\"breadcrumb\":{\"@id\":\"https:\/\/digitalsystem.com.mx\/index.php\/elementor-1199\/#breadcrumb\"},\"inLanguage\":\"es\",\"potentialAction\":[{\"@type\":\"ReadAction\",\"target\":[\"https:\/\/digitalsystem.com.mx\/index.php\/elementor-1199\/\"]}]},{\"@type\":\"ImageObject\",\"inLanguage\":\"es\",\"@id\":\"https:\/\/digitalsystem.com.mx\/index.php\/elementor-1199\/#primaryimage\",\"url\":\"https:\/\/digitalsystem.com.mx\/wp-content\/plugins\/wpforms-lite\/assets\/images\/submit-spin.svg\",\"contentUrl\":\"https:\/\/digitalsystem.com.mx\/wp-content\/plugins\/wpforms-lite\/assets\/images\/submit-spin.svg\"},{\"@type\":\"BreadcrumbList\",\"@id\":\"https:\/\/digitalsystem.com.mx\/index.php\/elementor-1199\/#breadcrumb\",\"itemListElement\":[{\"@type\":\"ListItem\",\"position\":1,\"name\":\"Portada\",\"item\":\"https:\/\/digitalsystem.com.mx\/\"},{\"@type\":\"ListItem\",\"position\":2,\"name\":\"Elementor #1199\"}]},{\"@type\":\"WebSite\",\"@id\":\"https:\/\/digitalsystem.com.mx\/#website\",\"url\":\"https:\/\/digitalsystem.com.mx\/\",\"name\":\"Digital System\",\"description\":\"En Digital System ofrecemos soluciones digitales en tecnolog\u00eda, automatizaci\u00f3n y soporte t\u00e9cnico especializado. Optimiza tu negocio con nosotros.\",\"publisher\":{\"@id\":\"https:\/\/digitalsystem.com.mx\/#organization\"},\"alternateName\":\"Tecnologia Digital\",\"potentialAction\":[{\"@type\":\"SearchAction\",\"target\":{\"@type\":\"EntryPoint\",\"urlTemplate\":\"https:\/\/digitalsystem.com.mx\/?s={search_term_string}\"},\"query-input\":{\"@type\":\"PropertyValueSpecification\",\"valueRequired\":true,\"valueName\":\"search_term_string\"}}],\"inLanguage\":\"es\"},{\"@type\":\"Organization\",\"@id\":\"https:\/\/digitalsystem.com.mx\/#organization\",\"name\":\"Tecnologia Digital GDL\",\"url\":\"https:\/\/digitalsystem.com.mx\/\",\"logo\":{\"@type\":\"ImageObject\",\"inLanguage\":\"es\",\"@id\":\"https:\/\/digitalsystem.com.mx\/#\/schema\/logo\/image\/\",\"url\":\"https:\/\/digitalsystem.com.mx\/wp-content\/uploads\/2024\/11\/logo3.png\",\"contentUrl\":\"https:\/\/digitalsystem.com.mx\/wp-content\/uploads\/2024\/11\/logo3.png\",\"width\":512,\"height\":682,\"caption\":\"Tecnologia Digital GDL\"},\"image\":{\"@id\":\"https:\/\/digitalsystem.com.mx\/#\/schema\/logo\/image\/\"}}]}<\/script>\n<!-- \/ Yoast SEO plugin. -->","yoast_head_json":{"title":"Elementor #1199 Soluciones Digitales en Tecnolog\u00eda y Automatizaci\u00f3n | Digital System","description":"Elementor #1199 En Digital System ofrecemos soluciones digitales en tecnolog\u00eda, automatizaci\u00f3n y soporte t\u00e9cnico especializado. Optimiza tu negocio con nosotros.","robots":{"index":"index","follow":"follow","max-snippet":"max-snippet:-1","max-image-preview":"max-image-preview:large","max-video-preview":"max-video-preview:-1"},"canonical":"https:\/\/digitalsystem.com.mx\/index.php\/elementor-1199\/","og_locale":"es_ES","og_type":"article","og_title":"Elementor #1199 Soluciones Digitales en Tecnolog\u00eda y Automatizaci\u00f3n | Digital System","og_description":"Elementor #1199 En Digital System ofrecemos soluciones digitales en tecnolog\u00eda, automatizaci\u00f3n y soporte t\u00e9cnico especializado. Optimiza tu negocio con nosotros.","og_url":"https:\/\/digitalsystem.com.mx\/index.php\/elementor-1199\/","article_modified_time":"2025-10-16T16:10:24+00:00","og_image":[{"url":"https:\/\/digitalsystem.com.mx\/wp-content\/plugins\/wpforms-lite\/assets\/images\/submit-spin.svg","type":"","width":"","height":""}],"twitter_card":"summary_large_image","twitter_misc":{"Tiempo de lectura":"1 minuto"},"schema":{"@context":"https:\/\/schema.org","@graph":[{"@type":"WebPage","@id":"https:\/\/digitalsystem.com.mx\/index.php\/elementor-1199\/","url":"https:\/\/digitalsystem.com.mx\/index.php\/elementor-1199\/","name":"Elementor #1199 Soluciones Digitales en Tecnolog\u00eda y Automatizaci\u00f3n | Digital System","isPartOf":{"@id":"https:\/\/digitalsystem.com.mx\/#website"},"primaryImageOfPage":{"@id":"https:\/\/digitalsystem.com.mx\/index.php\/elementor-1199\/#primaryimage"},"image":{"@id":"https:\/\/digitalsystem.com.mx\/index.php\/elementor-1199\/#primaryimage"},"thumbnailUrl":"https:\/\/digitalsystem.com.mx\/wp-content\/plugins\/wpforms-lite\/assets\/images\/submit-spin.svg","datePublished":"2025-10-16T16:10:01+00:00","dateModified":"2025-10-16T16:10:24+00:00","description":"Elementor #1199 En Digital System ofrecemos soluciones digitales en tecnolog\u00eda, automatizaci\u00f3n y soporte t\u00e9cnico especializado. Optimiza tu negocio con nosotros.","breadcrumb":{"@id":"https:\/\/digitalsystem.com.mx\/index.php\/elementor-1199\/#breadcrumb"},"inLanguage":"es","potentialAction":[{"@type":"ReadAction","target":["https:\/\/digitalsystem.com.mx\/index.php\/elementor-1199\/"]}]},{"@type":"ImageObject","inLanguage":"es","@id":"https:\/\/digitalsystem.com.mx\/index.php\/elementor-1199\/#primaryimage","url":"https:\/\/digitalsystem.com.mx\/wp-content\/plugins\/wpforms-lite\/assets\/images\/submit-spin.svg","contentUrl":"https:\/\/digitalsystem.com.mx\/wp-content\/plugins\/wpforms-lite\/assets\/images\/submit-spin.svg"},{"@type":"BreadcrumbList","@id":"https:\/\/digitalsystem.com.mx\/index.php\/elementor-1199\/#breadcrumb","itemListElement":[{"@type":"ListItem","position":1,"name":"Portada","item":"https:\/\/digitalsystem.com.mx\/"},{"@type":"ListItem","position":2,"name":"Elementor #1199"}]},{"@type":"WebSite","@id":"https:\/\/digitalsystem.com.mx\/#website","url":"https:\/\/digitalsystem.com.mx\/","name":"Digital System","description":"En Digital System ofrecemos soluciones digitales en tecnolog\u00eda, automatizaci\u00f3n y soporte t\u00e9cnico especializado. Optimiza tu negocio con nosotros.","publisher":{"@id":"https:\/\/digitalsystem.com.mx\/#organization"},"alternateName":"Tecnologia Digital","potentialAction":[{"@type":"SearchAction","target":{"@type":"EntryPoint","urlTemplate":"https:\/\/digitalsystem.com.mx\/?s={search_term_string}"},"query-input":{"@type":"PropertyValueSpecification","valueRequired":true,"valueName":"search_term_string"}}],"inLanguage":"es"},{"@type":"Organization","@id":"https:\/\/digitalsystem.com.mx\/#organization","name":"Tecnologia Digital GDL","url":"https:\/\/digitalsystem.com.mx\/","logo":{"@type":"ImageObject","inLanguage":"es","@id":"https:\/\/digitalsystem.com.mx\/#\/schema\/logo\/image\/","url":"https:\/\/digitalsystem.com.mx\/wp-content\/uploads\/2024\/11\/logo3.png","contentUrl":"https:\/\/digitalsystem.com.mx\/wp-content\/uploads\/2024\/11\/logo3.png","width":512,"height":682,"caption":"Tecnologia Digital GDL"},"image":{"@id":"https:\/\/digitalsystem.com.mx\/#\/schema\/logo\/image\/"}}]}},"_links":{"self":[{"href":"https:\/\/digitalsystem.com.mx\/index.php\/wp-json\/wp\/v2\/pages\/1199","targetHints":{"allow":["GET"]}}],"collection":[{"href":"https:\/\/digitalsystem.com.mx\/index.php\/wp-json\/wp\/v2\/pages"}],"about":[{"href":"https:\/\/digitalsystem.com.mx\/index.php\/wp-json\/wp\/v2\/types\/page"}],"author":[{"embeddable":true,"href":"https:\/\/digitalsystem.com.mx\/index.php\/wp-json\/wp\/v2\/users\/1"}],"replies":[{"embeddable":true,"href":"https:\/\/digitalsystem.com.mx\/index.php\/wp-json\/wp\/v2\/comments?post=1199"}],"version-history":[{"count":5,"href":"https:\/\/digitalsystem.com.mx\/index.php\/wp-json\/wp\/v2\/pages\/1199\/revisions"}],"predecessor-version":[{"id":1204,"href":"https:\/\/digitalsystem.com.mx\/index.php\/wp-json\/wp\/v2\/pages\/1199\/revisions\/1204"}],"wp:attachment":[{"href":"https:\/\/digitalsystem.com.mx\/index.php\/wp-json\/wp\/v2\/media?parent=1199"}],"curies":[{"name":"wp","href":"https:\/\/api.w.org\/{rel}","templated":true}]}}