{"id":10,"date":"2024-11-29T16:08:05","date_gmt":"2024-11-29T16:08:05","guid":{"rendered":"https:\/\/digitalsystem.com.mx\/index.php\/finalizar-compra\/"},"modified":"2025-09-30T18:26:42","modified_gmt":"2025-09-30T18:26:42","slug":"finalizar-compra","status":"publish","type":"page","link":"https:\/\/digitalsystem.com.mx\/index.php\/tecnologia\/finalizar-compra\/","title":{"rendered":"Finalizar compra"},"content":{"rendered":"","protected":true},"excerpt":{"rendered":"","protected":true},"author":1,"featured_media":0,"parent":841,"menu_order":0,"comment_status":"closed","ping_status":"closed","template":"","meta":{"_joinchat":[],"footnotes":""},"class_list":["post-10","page","type-page","status-publish","post-password-required","hentry"],"yoast_head":"<!-- This site is optimized with the Yoast SEO plugin v26.0 - https:\/\/yoast.com\/wordpress\/plugins\/seo\/ -->\n<title>Finalizar compra Soluciones Digitales en Tecnolog\u00eda y Automatizaci\u00f3n | Digital System<\/title>\n<meta name=\"description\" content=\"Finalizar compra En Digital System ofrecemos soluciones digitales en tecnolog\u00eda, automatizaci\u00f3n y soporte t\u00e9cnico especializado. Optimiza tu negocio con nosotros.\" \/>\n<meta name=\"robots\" content=\"index, follow, max-snippet:-1, max-image-preview:large, max-video-preview:-1\" \/>\n<link rel=\"canonical\" href=\"https:\/\/digitalsystem.com.mx\/index.php\/home-free-1\/finalizar-compra\/\" \/>\n<meta property=\"og:locale\" content=\"es_ES\" \/>\n<meta property=\"og:type\" content=\"article\" \/>\n<meta property=\"og:title\" content=\"Finalizar compra Soluciones Digitales en Tecnolog\u00eda y Automatizaci\u00f3n | Digital System\" \/>\n<meta property=\"og:description\" content=\"Finalizar compra En Digital System ofrecemos soluciones digitales en tecnolog\u00eda, automatizaci\u00f3n y soporte t\u00e9cnico especializado. Optimiza tu negocio con nosotros.\" \/>\n<meta property=\"og:url\" content=\"https:\/\/digitalsystem.com.mx\/index.php\/home-free-1\/finalizar-compra\/\" \/>\n<meta property=\"article:modified_time\" content=\"2025-09-30T18:26:42+00:00\" \/>\n<meta name=\"twitter:card\" content=\"summary_large_image\" \/>\n<script type=\"application\/ld+json\" class=\"yoast-schema-graph\">{\"@context\":\"https:\/\/schema.org\",\"@graph\":[{\"@type\":\"WebPage\",\"@id\":\"https:\/\/digitalsystem.com.mx\/index.php\/home-free-1\/finalizar-compra\/\",\"url\":\"https:\/\/digitalsystem.com.mx\/index.php\/home-free-1\/finalizar-compra\/\",\"name\":\"Finalizar compra Soluciones Digitales en Tecnolog\u00eda y Automatizaci\u00f3n | Digital System\",\"isPartOf\":{\"@id\":\"https:\/\/digitalsystem.com.mx\/#website\"},\"datePublished\":\"2024-11-29T16:08:05+00:00\",\"dateModified\":\"2025-09-30T18:26:42+00:00\",\"breadcrumb\":{\"@id\":\"https:\/\/digitalsystem.com.mx\/index.php\/home-free-1\/finalizar-compra\/#breadcrumb\"},\"inLanguage\":\"es\"},{\"@type\":\"WebSite\",\"@id\":\"https:\/\/digitalsystem.com.mx\/#website\",\"url\":\"https:\/\/digitalsystem.com.mx\/\",\"name\":\"Digital System\",\"description\":\"En Digital System ofrecemos soluciones digitales en tecnolog\u00eda, automatizaci\u00f3n y soporte t\u00e9cnico especializado. Optimiza tu negocio con nosotros.\",\"publisher\":{\"@id\":\"https:\/\/digitalsystem.com.mx\/#organization\"},\"alternateName\":\"Tecnologia Digital\",\"potentialAction\":[{\"@type\":\"SearchAction\",\"target\":{\"@type\":\"EntryPoint\",\"urlTemplate\":\"https:\/\/digitalsystem.com.mx\/?s={search_term_string}\"},\"query-input\":{\"@type\":\"PropertyValueSpecification\",\"valueRequired\":true,\"valueName\":\"search_term_string\"}}],\"inLanguage\":\"es\"},{\"@type\":\"Organization\",\"@id\":\"https:\/\/digitalsystem.com.mx\/#organization\",\"name\":\"Tecnologia Digital GDL\",\"url\":\"https:\/\/digitalsystem.com.mx\/\",\"logo\":{\"@type\":\"ImageObject\",\"inLanguage\":\"es\",\"@id\":\"https:\/\/digitalsystem.com.mx\/#\/schema\/logo\/image\/\",\"url\":\"https:\/\/digitalsystem.com.mx\/wp-content\/uploads\/2024\/11\/logo3.png\",\"contentUrl\":\"https:\/\/digitalsystem.com.mx\/wp-content\/uploads\/2024\/11\/logo3.png\",\"width\":512,\"height\":682,\"caption\":\"Tecnologia Digital GDL\"},\"image\":{\"@id\":\"https:\/\/digitalsystem.com.mx\/#\/schema\/logo\/image\/\"}}]}<\/script>\n<!-- \/ Yoast SEO plugin. -->","yoast_head_json":{"title":"Finalizar compra Soluciones Digitales en Tecnolog\u00eda y Automatizaci\u00f3n | Digital System","description":"Finalizar compra En Digital System ofrecemos soluciones digitales en tecnolog\u00eda, automatizaci\u00f3n y soporte t\u00e9cnico especializado. Optimiza tu negocio con nosotros.","robots":{"index":"index","follow":"follow","max-snippet":"max-snippet:-1","max-image-preview":"max-image-preview:large","max-video-preview":"max-video-preview:-1"},"canonical":"https:\/\/digitalsystem.com.mx\/index.php\/home-free-1\/finalizar-compra\/","og_locale":"es_ES","og_type":"article","og_title":"Finalizar compra Soluciones Digitales en Tecnolog\u00eda y Automatizaci\u00f3n | Digital System","og_description":"Finalizar compra En Digital System ofrecemos soluciones digitales en tecnolog\u00eda, automatizaci\u00f3n y soporte t\u00e9cnico especializado. Optimiza tu negocio con nosotros.","og_url":"https:\/\/digitalsystem.com.mx\/index.php\/home-free-1\/finalizar-compra\/","article_modified_time":"2025-09-30T18:26:42+00:00","twitter_card":"summary_large_image","schema":{"@context":"https:\/\/schema.org","@graph":[{"@type":"WebPage","@id":"https:\/\/digitalsystem.com.mx\/index.php\/home-free-1\/finalizar-compra\/","url":"https:\/\/digitalsystem.com.mx\/index.php\/home-free-1\/finalizar-compra\/","name":"Finalizar compra Soluciones Digitales en Tecnolog\u00eda y Automatizaci\u00f3n | Digital System","isPartOf":{"@id":"https:\/\/digitalsystem.com.mx\/#website"},"datePublished":"2024-11-29T16:08:05+00:00","dateModified":"2025-09-30T18:26:42+00:00","breadcrumb":{"@id":"https:\/\/digitalsystem.com.mx\/index.php\/home-free-1\/finalizar-compra\/#breadcrumb"},"inLanguage":"es"},{"@type":"WebSite","@id":"https:\/\/digitalsystem.com.mx\/#website","url":"https:\/\/digitalsystem.com.mx\/","name":"Digital System","description":"En Digital System ofrecemos soluciones digitales en tecnolog\u00eda, automatizaci\u00f3n y soporte t\u00e9cnico especializado. Optimiza tu negocio con nosotros.","publisher":{"@id":"https:\/\/digitalsystem.com.mx\/#organization"},"alternateName":"Tecnologia Digital","potentialAction":[{"@type":"SearchAction","target":{"@type":"EntryPoint","urlTemplate":"https:\/\/digitalsystem.com.mx\/?s={search_term_string}"},"query-input":{"@type":"PropertyValueSpecification","valueRequired":true,"valueName":"search_term_string"}}],"inLanguage":"es"},{"@type":"Organization","@id":"https:\/\/digitalsystem.com.mx\/#organization","name":"Tecnologia Digital GDL","url":"https:\/\/digitalsystem.com.mx\/","logo":{"@type":"ImageObject","inLanguage":"es","@id":"https:\/\/digitalsystem.com.mx\/#\/schema\/logo\/image\/","url":"https:\/\/digitalsystem.com.mx\/wp-content\/uploads\/2024\/11\/logo3.png","contentUrl":"https:\/\/digitalsystem.com.mx\/wp-content\/uploads\/2024\/11\/logo3.png","width":512,"height":682,"caption":"Tecnologia Digital GDL"},"image":{"@id":"https:\/\/digitalsystem.com.mx\/#\/schema\/logo\/image\/"}}]}},"_links":{"self":[{"href":"https:\/\/digitalsystem.com.mx\/index.php\/wp-json\/wp\/v2\/pages\/10","targetHints":{"allow":["GET"]}}],"collection":[{"href":"https:\/\/digitalsystem.com.mx\/index.php\/wp-json\/wp\/v2\/pages"}],"about":[{"href":"https:\/\/digitalsystem.com.mx\/index.php\/wp-json\/wp\/v2\/types\/page"}],"author":[{"embeddable":true,"href":"https:\/\/digitalsystem.com.mx\/index.php\/wp-json\/wp\/v2\/users\/1"}],"replies":[{"embeddable":true,"href":"https:\/\/digitalsystem.com.mx\/index.php\/wp-json\/wp\/v2\/comments?post=10"}],"version-history":[{"count":7,"href":"https:\/\/digitalsystem.com.mx\/index.php\/wp-json\/wp\/v2\/pages\/10\/revisions"}],"predecessor-version":[{"id":1142,"href":"https:\/\/digitalsystem.com.mx\/index.php\/wp-json\/wp\/v2\/pages\/10\/revisions\/1142"}],"up":[{"embeddable":true,"href":"https:\/\/digitalsystem.com.mx\/index.php\/wp-json\/wp\/v2\/pages\/841"}],"wp:attachment":[{"href":"https:\/\/digitalsystem.com.mx\/index.php\/wp-json\/wp\/v2\/media?parent=10"}],"curies":[{"name":"wp","href":"https:\/\/api.w.org\/{rel}","templated":true}]}}